{"id":11,"date":"2022-08-08T19:40:45","date_gmt":"2022-08-08T18:40:45","guid":{"rendered":"https:\/\/heidihornli.no\/?page_id=11"},"modified":"2022-09-05T11:23:30","modified_gmt":"2022-09-05T10:23:30","slug":"coming-soon","status":"publish","type":"page","link":"https:\/\/heidihornli.no\/?page_id=11","title":{"rendered":"coming soon"},"content":{"rendered":"<div id=\"sp-page\" class=\"spBgcover sp-content-4\" style=\"background-color: rgb(255, 255, 255); font-family: 'Helvetica Neue', Arial, sans-serif; font-weight: 400;\">\n<section id=\"sp-ks8a8s\" data-mobile-visibility=\"#sp-ks8a8s|false\" data-desktop-visibility=\"#sp-ks8a8s|false\" class=\"sp-el-section \" style=\"width: 600px; max-width: 100%; padding: 10px;\">\n<div id=\"sp-vw3kvy\" data-mobile-visibility=\"#sp-vw3kvy|false\" data-desktop-visibility=\"#sp-vw3kvy|false\" class=\"sp-el-row sm:sp-flex sp-w-full  sp-m-auto sp-justify-between\" style=\"padding: 0px; width: auto; max-width: 1000px;\">\n<div id=\"sp-ggzp6w\" data-mobile-visibility=\"#sp-ggzp6w|false\" data-desktop-visibility=\"#sp-ggzp6w|false\" class=\"sp-el-col  sp-w-full\" style=\"width: calc(100% + 0px);\">\n<style type=\"text\/css\">\n        #sp-ggzp6w .sp-col-top .seedprod-shape-fill {fill: undefined;} #sp-ggzp6w .sp-col-top svg {width: undefined%;height: undefinedpx;transform: translateX(-50%);} #sp-ggzp6w .sp-col-bottom .seedprod-shape-fill {fill: undefined;} #sp-ggzp6w .sp-col-bottom svg {width: undefined%;height: undefinedpx;transform: translateX(-50%);}\n      <\/style>\n<div class=\"sp-col-shape sp-col-top\" style=\"z-index: 0;\">\n<div><\/div>\n<\/div>\n<div class=\"sp-col-shape sp-col-bottom\" style=\"z-index: 0;\">\n<div><\/div>\n<\/div>\n<figure id=\"sp-brhhwi\" class=\"sp-image-wrapper sp-el-block\" style=\"margin: 0px; text-align: center;\"><span><img decoding=\"async\" src=\"https:\/\/heidihornli.no\/wp-content\/uploads\/2022\/08\/MG_7887-Edit-scaled.jpg\" alt=\"\" data-mobile-visibility=\".sp-image-block-brhhwi|false\" data-desktop-visibility=\".sp-image-block-brhhwi|false\" srcset=\" https:\/\/heidihornli.no\/wp-content\/uploads\/2022\/08\/MG_7887-Edit-150x150.jpg 150w, https:\/\/heidihornli.no\/wp-content\/uploads\/2022\/08\/MG_7887-Edit-200x300.jpg 200w, https:\/\/heidihornli.no\/wp-content\/uploads\/2022\/08\/MG_7887-Edit-683x1024.jpg 683w, https:\/\/heidihornli.no\/wp-content\/uploads\/2022\/08\/MG_7887-Edit-scaled.jpg 1707w\" class=\"sp-image-block-brhhwi\" style=\"width: 1707px;\"><\/span><\/figure>\n<figure id=\"sp-p8kt69\" class=\"sp-image-wrapper sp-el-block\" style=\"margin: 0px; text-align: center;\"><span><img decoding=\"async\" src=\"https:\/\/heidihornli.no\/wp-content\/uploads\/2022\/08\/MG_6218-Edit-scaled.jpg\" alt=\"\" data-mobile-visibility=\".sp-image-block-p8kt69|false\" data-desktop-visibility=\".sp-image-block-p8kt69|false\" srcset=\" https:\/\/heidihornli.no\/wp-content\/uploads\/2022\/08\/MG_6218-Edit-150x150.jpg 150w, https:\/\/heidihornli.no\/wp-content\/uploads\/2022\/08\/MG_6218-Edit-300x200.jpg 300w, https:\/\/heidihornli.no\/wp-content\/uploads\/2022\/08\/MG_6218-Edit-1024x683.jpg 840w, https:\/\/heidihornli.no\/wp-content\/uploads\/2022\/08\/MG_6218-Edit-scaled.jpg 2560w\" class=\"sp-image-block-p8kt69\" style=\"width: 2560px;\"><\/span><\/figure>\n<\/div>\n<\/div>\n<\/section>\n<section id=\"sp-m1e1z8\" data-mobile-visibility=\"#sp-m1e1z8|false\" data-desktop-visibility=\"#sp-m1e1z8|false\" class=\"sp-el-section \" style=\"width: 100%; max-width: 100%;\">\n<div id=\"sp-guz9n3\" data-mobile-visibility=\"#sp-guz9n3|false\" data-desktop-visibility=\"#sp-guz9n3|false\" class=\"sp-el-row sm:sp-flex sp-w-full  sp-m-auto sp-justify-between\">\n<div id=\"sp-id9bxg\" data-mobile-visibility=\"#sp-id9bxg|false\" data-desktop-visibility=\"#sp-id9bxg|false\" class=\"sp-el-col  sp-w-full\" style=\"width: calc(65% + 0px);\">\n<div id=\"sp-mn4vh7\" data-mobile-css=\"\" data-mobile-visibility=\".sp-text-wrapper-mn4vh7|false\" data-desktop-visibility=\".sp-text-wrapper-mn4vh7|false\" class=\"sp-css-target sp-text-wrapper sp-el-block sp-text-wrapper-mn4vh7\" style=\"margin: 0px; text-align: left;\">\n<p style=\"text-align: left;\"><em>Ta gjerne kontakt om du vil ha dine nydelige sm\u00e5\/store p\u00e5 veggen. Er s\u00e5 mye finere enn et lite bilde p\u00e5 mobilen. Du vil ikke angre, og er et minne i full st\u00f8rrelse.<\/em><\/p>\n<\/div>\n<\/div>\n<div id=\"sp-djz5ll\" data-mobile-visibility=\"#sp-djz5ll|false\" data-desktop-visibility=\"#sp-djz5ll|false\" class=\"sp-el-col  sp-w-full\" style=\"width: calc(35% + 0px);\">\n<div class=\"sp-button-wrapper sp-el-block\" style=\"margin: 0px; text-align: right;\"><a href=\"\" id=\"sp-u2gfe4\" data-mobile-css=\"\" data-mobile-visibility=\".sp-button-u2gfe4|false\" data-desktop-visibility=\".sp-button-u2gfe4|false\" target=\"\" rel=\"noopener\" class=\"sp-button sp-css-target sp-text-center sp-inline-block sp-leading-none sp-button-u2gfe4\" style=\"font-size: 18px; background-image: linear-gradient(-180deg, rgb(124, 179, 66), rgb(106, 153, 56) 90%); color: rgb(255, 255, 255); width: auto; padding: 12px 16px; border-radius: 4px; box-shadow: rgba(255, 255, 255, 0.2) 0px 1px 0px inset;\"><i class=\"sp-mr-2 fab fa-canadian-maple-leaf\"><\/i><span>Se her<\/span><span><span id=\"sp-button-sub-text-u2gfe4\" data-mobile-css=\"\" class=\"sp-button-sub-txt sp-block sp-mt-1 sp-opacity-75\" style=\"font-size: 12px; line-height: 1;\">Etterhvert vil jeg trekke ut en som har bes\u00f8kt siden min, og gi de en valgfri fotoshoot.<\/span><\/span><\/a><\/div>\n<\/div>\n<\/div>\n<\/section>\n<\/div>\n","protected":false},"excerpt":{"rendered":"<p>Ta gjerne kontakt om du vil ha dine nydelige sm\u00e5\/store p\u00e5 veggen. Er s\u00e5 mye finere enn et lite bilde p\u00e5 mobilen. Du vil ikke angre, og er et minne i full st\u00f8rrelse. Se herEtterhvert vil jeg trekke ut en som har bes\u00f8kt siden min, og gi de en valgfri fotoshoot.<\/p>\n","protected":false},"author":2,"featured_media":0,"parent":0,"menu_order":0,"comment_status":"open","ping_status":"closed","template":"","meta":{"footnotes":""},"class_list":["post-11","page","type-page","status-publish","hentry"],"_links":{"self":[{"href":"https:\/\/heidihornli.no\/index.php?rest_route=\/wp\/v2\/pages\/11","targetHints":{"allow":["GET"]}}],"collection":[{"href":"https:\/\/heidihornli.no\/index.php?rest_route=\/wp\/v2\/pages"}],"about":[{"href":"https:\/\/heidihornli.no\/index.php?rest_route=\/wp\/v2\/types\/page"}],"author":[{"embeddable":true,"href":"https:\/\/heidihornli.no\/index.php?rest_route=\/wp\/v2\/users\/2"}],"replies":[{"embeddable":true,"href":"https:\/\/heidihornli.no\/index.php?rest_route=%2Fwp%2Fv2%2Fcomments&post=11"}],"version-history":[{"count":12,"href":"https:\/\/heidihornli.no\/index.php?rest_route=\/wp\/v2\/pages\/11\/revisions"}],"predecessor-version":[{"id":231,"href":"https:\/\/heidihornli.no\/index.php?rest_route=\/wp\/v2\/pages\/11\/revisions\/231"}],"wp:attachment":[{"href":"https:\/\/heidihornli.no\/index.php?rest_route=%2Fwp%2Fv2%2Fmedia&parent=11"}],"curies":[{"name":"wp","href":"https:\/\/api.w.org\/{rel}","templated":true}]}}